{"id":51843,"date":"2024-07-02T16:27:14","date_gmt":"2024-07-02T14:27:14","guid":{"rendered":"https:\/\/pgxperts.com\/informacion-legal\/"},"modified":"2025-09-09T11:17:30","modified_gmt":"2025-09-09T09:17:30","slug":"informacion-legal","status":"publish","type":"page","link":"https:\/\/pgxperts.com\/es\/informacion-legal\/","title":{"rendered":"Informaci\u00f3n legal"},"content":{"rendered":"<p>[et_pb_section fb_built=\u00bb1&#8243; _builder_version=\u00bb4.21.0&#8243; _module_preset=\u00bbdefault\u00bb background_image=\u00bbhttps:\/\/pgxperts.com\/wp-content\/uploads\/2023\/03\/BackgroundWithPills_transparent-1.jpg\u00bb min_height=\u00bb470.8px\u00bb custom_padding=\u00bb60px||75px|||\u00bb da_disable_devices=\u00bboff|off|off\u00bb global_colors_info=\u00bb{}\u00bb da_is_popup=\u00bboff\u00bb da_exit_intent=\u00bboff\u00bb da_has_close=\u00bbon\u00bb da_alt_close=\u00bboff\u00bb da_dark_close=\u00bboff\u00bb da_not_modal=\u00bbon\u00bb da_is_singular=\u00bboff\u00bb da_with_loader=\u00bboff\u00bb da_has_shadow=\u00bbon\u00bb][et_pb_row _builder_version=\u00bb4.22.0&#8243; _module_preset=\u00bbdefault\u00bb custom_padding=\u00bb0px||0px|||\u00bb global_colors_info=\u00bb{}\u00bb][et_pb_column type=\u00bb4_4&#8243; _builder_version=\u00bb4.22.0&#8243; _module_preset=\u00bbdefault\u00bb global_colors_info=\u00bb{}\u00bb][et_pb_text _builder_version=\u00bb4.22.0&#8243; _module_preset=\u00bbdefault\u00bb header_font=\u00bb|700|||||||\u00bb header_text_align=\u00bbcenter\u00bb global_colors_info=\u00bb{}\u00bb]<\/p>\n<h1>Informaci\u00f3n legal<\/h1>\n<p>[\/et_pb_text][et_pb_text _builder_version=\u00bb4.27.4&#8243; _module_preset=\u00bbdefault\u00bb text_font_size=\u00bb18px\u00bb hover_enabled=\u00bb0&#8243; text_font_size_tablet=\u00bb17px\u00bb text_font_size_phone=\u00bb16px\u00bb text_font_size_last_edited=\u00bbon|phone\u00bb global_colors_info=\u00bb{}\u00bb sticky_enabled=\u00bb0&#8243;]<\/p>\n<div class=\"portlet-boundary portlet-boundary_com_liferay_journal_content_web_portlet_JournalContentPortlet_ portlet-static portlet-static-end portlet-barebone portlet-journal-content simple-content-portlet\" id=\"p_p_id_com_liferay_journal_content_web_portlet_JournalContentPortlet_INSTANCE_AJgzeygt2HQA_\">\n<section class=\"portlet\" id=\"portlet_com_liferay_journal_content_web_portlet_JournalContentPortlet_INSTANCE_AJgzeygt2HQA\">\n<div class=\"portlet-content\">\n<div class=\" portlet-content-container\">\n<div class=\"portlet-body\">\n<div class=\"\" data-fragments-editor-item-id=\"20109-285677\" data-fragments-editor-item-type=\"fragments-editor-mapped-item\">\n<div class=\"journal-content-article \" data-analytics-asset-id=\"27741\" data-analytics-asset-title=\"Impressum Titel\" data-analytics-asset-type=\"web-content\">\n<h2 style=\"text-align: left;\"><strong style=\"font-size: x-large;\">PGXperts GmbH<\/strong><\/h2>\n<\/div>\n<\/div>\n<\/div>\n<\/div>\n<\/div>\n<\/section>\n<\/div>\n<div class=\"portlet-boundary portlet-boundary_com_liferay_journal_content_web_portlet_JournalContentPortlet_ portlet-static portlet-static-end portlet-barebone portlet-journal-content simple-content-portlet\" id=\"p_p_id_com_liferay_journal_content_web_portlet_JournalContentPortlet_INSTANCE_yOB808MrAHBl_\">\n<section class=\"portlet\" id=\"portlet_com_liferay_journal_content_web_portlet_JournalContentPortlet_INSTANCE_yOB808MrAHBl\">\n<div class=\"portlet-content\">\n<div class=\" portlet-content-container\">\n<div class=\"portlet-body\">\n<div class=\"\" data-fragments-editor-item-id=\"20109-285667\" data-fragments-editor-item-type=\"fragments-editor-mapped-item\">\n<div class=\"journal-content-article \" data-analytics-asset-id=\"21037\" data-analytics-asset-title=\"Impressum\" data-analytics-asset-type=\"web-content\">\n<p style=\"text-align: left;\"><span><br \/>\nBahnhofplatz 11, 90762 F\u00fcrth, Alemania<\/span><\/p>\n<p style=\"text-align: left;\"><span>E-Mail: <a href=\"mailto:info@pgxperts.com\" target=\"_blank\" rel=\"noopener\">info@pgxperts.com<\/a><br \/>\nWebsite: <a class=\"ox-4d0699eea9-external\" href=\"http:\/\/www.pgxperts.com\/\" target=\"_blank\" rel=\"noopener\">www.pgxperts.com<\/a><\/span><\/p>\n<p style=\"text-align: left;\"><span>Tel\u00e9fono: +49 (0) 911 979 10 850<\/span><\/p>\n<p style=\"text-align: left;\"><span>Directora general: Herna Mu\u00f1oz-Galeano<\/span><\/p>\n<p style=\"text-align: left;\"><span>Registro Mercantil: Juzgado de lo Mercantil de F\u00fcrth, n\u00famero HRB 20903.<\/span><\/p>\n<p style=\"text-align: left;\"><span>N\u00famero de identificaci\u00f3n fiscal: <span class=\"ui-provider ed bbc bbd bbe bbf bbg bbh bbi bbj bbk bbl bbm bbn bbo bbp bbq bbr bbs bbt bbu bbv bbw bbx bby bbz bca bcb bcc bcd bce bcf bcg bch bci bcj\" dir=\"ltr\">DE366498424<\/span><br \/>\n<\/span><\/p>\n<p style=\"text-align: left;\"><span>Responsable seg\u00fan \u00a7 55 Abs.2 RStV: Herna Mu\u00f1oz-Galeano<\/span><\/p>\n<p><span><\/span><\/p>\n<p><span><\/span><\/p>\n<h3 class=\"elementor-heading-title elementor-size-default\"><strong>Derechos de autor<\/strong><\/h3>\n<p>Todos los derechos reservados. Todos los textos, im\u00e1genes, gr\u00e1ficos, videos, animaciones y archivos de licencia est\u00e1n protegidos por derechos de autor y otras leyes de protecci\u00f3n de la propiedad intelectual. Los nombres comerciales utilizados en nuestro sitio web son, salvo que se indique expresamente lo contrario, propiedad o marcas registradas de las respectivas empresas fabricantes. Lo mismo se aplica al uso de marcas y logotipos. Asumimos el consentimiento del propietario para el uso de su logotipo en este sitio web. Si no fuera as\u00ed, le pedimos que nos lo comunique. En ese caso, representaremos un logotipo con el que el propietario est\u00e9 de acuerdo o eliminaremos dicha imagen.      <\/p>\n<p>&nbsp;<\/p>\n<section class=\"elementor-section elementor-top-section elementor-element elementor-element-7e4d74c elementor-section-boxed elementor-section-height-default elementor-section-height-default\" data-id=\"7e4d74c\" data-element_type=\"section\">\n<div class=\"elementor-container elementor-column-gap-default\">\n<div class=\"elementor-column elementor-col-100 elementor-top-column elementor-element elementor-element-bc3640c\" data-id=\"bc3640c\" data-element_type=\"column\">\n<div class=\"elementor-widget-wrap elementor-element-populated\">\n<div class=\"elementor-element elementor-element-91dbe2f elementor-widget elementor-widget-heading\" data-id=\"91dbe2f\" data-element_type=\"widget\" data-widget_type=\"heading.default\">\n<div class=\"elementor-widget-container\">\n<h3 class=\"elementor-heading-title elementor-size-default\"><strong>Responsabilidad por los contenidos<\/strong><\/h3>\n<\/div>\n<\/div>\n<div class=\"elementor-element elementor-element-e332e0a elementor-widget elementor-widget-text-editor\" data-id=\"e332e0a\" data-element_type=\"widget\" data-widget_type=\"text-editor.default\">\n<div class=\"elementor-widget-container\">\n<p>Los contenidos de nuestras p\u00e1ginas se han creado con el m\u00e1ximo cuidado. Sin embargo, no podemos garantizar la exactitud, integridad o actualidad de los contenidos. Como proveedores de servicios, somos responsables por nuestros propios contenidos en estas p\u00e1ginas de acuerdo con el \u00a7 7 p\u00e1rrafo 1 de la Ley Alemana de Telemedia (TMG) seg\u00fan las leyes generales. Seg\u00fan los \u00a7\u00a7 8 a 10 de la TMG, como proveedores de servicios no estamos obligados a supervisar informaci\u00f3n externa transmitida o almacenada, ni a investigar circunstancias que indiquen actividades ilegales. Las obligaciones de eliminar o bloquear el uso de informaci\u00f3n seg\u00fan las leyes generales no se ven afectadas por esto. Sin embargo, la responsabilidad en este sentido solo es posible a partir del momento en que se tenga conocimiento de una infracci\u00f3n concreta. En caso de que tengamos conocimiento de violaciones legales correspondientes, eliminaremos dichos contenidos de inmediato.       <\/p>\n<p>&nbsp;<\/p>\n<\/div>\n<\/div>\n<\/div>\n<\/div>\n<\/div>\n<\/section>\n<section class=\"elementor-section elementor-top-section elementor-element elementor-element-8dad1cf elementor-section-boxed elementor-section-height-default elementor-section-height-default\" data-id=\"8dad1cf\" data-element_type=\"section\">\n<div class=\"elementor-container elementor-column-gap-default\">\n<div class=\"elementor-column elementor-col-100 elementor-top-column elementor-element elementor-element-ce3bbd4\" data-id=\"ce3bbd4\" data-element_type=\"column\">\n<div class=\"elementor-widget-wrap elementor-element-populated\">\n<div class=\"elementor-element elementor-element-5435255 elementor-widget elementor-widget-heading\" data-id=\"5435255\" data-element_type=\"widget\" data-widget_type=\"heading.default\">\n<div class=\"elementor-widget-container\">\n<h3 class=\"elementor-heading-title elementor-size-default\"><strong>Responsabilidad por los enlaces<\/strong><\/h3>\n<\/div>\n<\/div>\n<div class=\"elementor-element elementor-element-54e5b42 elementor-widget elementor-widget-text-editor\" data-id=\"54e5b42\" data-element_type=\"widget\" data-widget_type=\"text-editor.default\">\n<div class=\"elementor-widget-container\">\n<p style=\"text-align: left;\">Nuestra oferta contiene enlaces a sitios web externos de terceros, cuyos contenidos est\u00e1n fuera de nuestro control. Por esta raz\u00f3n, no podemos asumir ninguna responsabilidad por estos contenidos externos. El responsable de los contenidos de las p\u00e1ginas enlazadas es siempre el respectivo proveedor u operador de dichas p\u00e1ginas. Las p\u00e1ginas enlazadas fueron revisadas en el momento de establecer el enlace para detectar posibles violaciones legales. No se identificaron contenidos ilegales en el momento de la vinculaci\u00f3n. Sin embargo, un control continuo de los contenidos de las p\u00e1ginas enlazadas no es razonable sin indicios concretos de una infracci\u00f3n legal. En caso de que tengamos conocimiento de violaciones legales, eliminaremos dichos enlaces de inmediato.      <\/p>\n<\/div>\n<\/div>\n<\/div>\n<\/div>\n<\/div>\n<\/section>\n<\/div>\n<\/div>\n<\/div>\n<\/div>\n<\/div>\n<\/section>\n<\/div>\n<p>[\/et_pb_text][\/et_pb_column][\/et_pb_row][\/et_pb_section]<\/p>\n","protected":false},"excerpt":{"rendered":"<p>PGXperts GmbH \/\/ Bahnhofplatz 11, 90762 F\u00fcrth \/\/ Correo electr\u00f3nico: info@pgxperts.com \/\/ Tel\u00e9fono: +49 (0) 911 979 10 850<\/p>\n","protected":false},"author":10,"featured_media":0,"parent":0,"menu_order":0,"comment_status":"closed","ping_status":"closed","template":"","meta":{"_et_pb_use_builder":"on","_et_pb_old_content":"","_et_gb_content_width":"","_monsterinsights_skip_tracking":false,"_monsterinsights_sitenote_active":false,"_monsterinsights_sitenote_note":"","_monsterinsights_sitenote_category":0,"footnotes":""},"class_list":["post-51843","page","type-page","status-publish","hentry"],"yoast_head":"<!-- This site is optimized with the Yoast SEO plugin v27.2 - https:\/\/yoast.com\/product\/yoast-seo-wordpress\/ -->\n<title>Informaci\u00f3n legal<\/title>\n<meta name=\"description\" content=\"PGXperts GmbH \/\/ Bahnhofplatz 11, 90762 F\u00fcrth \/\/ Correo electr\u00f3nico: info@pgxperts.com \/\/ Tel\u00e9fono: +49 (0) 911 979 10 850\" \/>\n<meta name=\"robots\" content=\"noindex, nofollow\" \/>\n<meta property=\"og:locale\" content=\"es_ES\" \/>\n<meta property=\"og:type\" content=\"article\" \/>\n<meta property=\"og:title\" content=\"Informaci\u00f3n legal\" \/>\n<meta property=\"og:description\" content=\"PGXperts GmbH \/\/ Bahnhofplatz 11, 90762 F\u00fcrth \/\/ Correo electr\u00f3nico: info@pgxperts.com \/\/ Tel\u00e9fono: +49 (0) 911 979 10 850\" \/>\n<meta property=\"og:url\" content=\"https:\/\/pgxperts.com\/es\/informacion-legal\/\" \/>\n<meta property=\"og:site_name\" content=\"PGXperts\" \/>\n<meta property=\"article:modified_time\" content=\"2025-09-09T09:17:30+00:00\" \/>\n<meta name=\"twitter:card\" content=\"summary_large_image\" \/>\n<meta name=\"twitter:site\" content=\"@hmg_pgxperts\" \/>\n<meta name=\"twitter:label1\" content=\"Tiempo de lectura\" \/>\n\t<meta name=\"twitter:data1\" content=\"3 minutos\" \/>\n<script type=\"application\/ld+json\" class=\"yoast-schema-graph\">{\"@context\":\"https:\/\/schema.org\",\"@graph\":[{\"@type\":\"WebPage\",\"@id\":\"https:\/\/pgxperts.com\/es\/informacion-legal\/\",\"url\":\"https:\/\/pgxperts.com\/es\/informacion-legal\/\",\"name\":\"Informaci\u00f3n legal\",\"isPartOf\":{\"@id\":\"https:\/\/pgxperts.com\/es\/#website\"},\"datePublished\":\"2024-07-02T14:27:14+00:00\",\"dateModified\":\"2025-09-09T09:17:30+00:00\",\"description\":\"PGXperts GmbH \/\/ Bahnhofplatz 11, 90762 F\u00fcrth \/\/ Correo electr\u00f3nico: info@pgxperts.com \/\/ Tel\u00e9fono: +49 (0) 911 979 10 850\",\"breadcrumb\":{\"@id\":\"https:\/\/pgxperts.com\/es\/informacion-legal\/#breadcrumb\"},\"inLanguage\":\"es\",\"potentialAction\":[{\"@type\":\"ReadAction\",\"target\":[\"https:\/\/pgxperts.com\/es\/informacion-legal\/\"]}]},{\"@type\":\"BreadcrumbList\",\"@id\":\"https:\/\/pgxperts.com\/es\/informacion-legal\/#breadcrumb\",\"itemListElement\":[{\"@type\":\"ListItem\",\"position\":1,\"name\":\"Startseite\",\"item\":\"https:\/\/pgxperts.com\/es\/\"},{\"@type\":\"ListItem\",\"position\":2,\"name\":\"Informaci\u00f3n legal\"}]},{\"@type\":\"WebSite\",\"@id\":\"https:\/\/pgxperts.com\/es\/#website\",\"url\":\"https:\/\/pgxperts.com\/es\/\",\"name\":\"PGXperts\",\"description\":\"Individuelle Interaktionsrisiken erkennen\",\"publisher\":{\"@id\":\"https:\/\/pgxperts.com\/es\/#organization\"},\"potentialAction\":[{\"@type\":\"SearchAction\",\"target\":{\"@type\":\"EntryPoint\",\"urlTemplate\":\"https:\/\/pgxperts.com\/es\/?s={search_term_string}\"},\"query-input\":{\"@type\":\"PropertyValueSpecification\",\"valueRequired\":true,\"valueName\":\"search_term_string\"}}],\"inLanguage\":\"es\"},{\"@type\":\"Organization\",\"@id\":\"https:\/\/pgxperts.com\/es\/#organization\",\"name\":\"PGXperts\",\"url\":\"https:\/\/pgxperts.com\/es\/\",\"logo\":{\"@type\":\"ImageObject\",\"inLanguage\":\"es\",\"@id\":\"https:\/\/pgxperts.com\/es\/#\/schema\/logo\/image\/\",\"url\":\"\",\"contentUrl\":\"\",\"caption\":\"PGXperts\"},\"image\":{\"@id\":\"https:\/\/pgxperts.com\/es\/#\/schema\/logo\/image\/\"},\"sameAs\":[\"https:\/\/x.com\/hmg_pgxperts\",\"https:\/\/de.linkedin.com\/company\/hmg-systems-engineering-gmbh\",\"https:\/\/www.xing.com\/pages\/hmgsystemsengineeringgmbh\"]}]}<\/script>\n<!-- \/ Yoast SEO plugin. -->","yoast_head_json":{"title":"Informaci\u00f3n legal","description":"PGXperts GmbH \/\/ Bahnhofplatz 11, 90762 F\u00fcrth \/\/ Correo electr\u00f3nico: info@pgxperts.com \/\/ Tel\u00e9fono: +49 (0) 911 979 10 850","robots":{"index":"noindex","follow":"nofollow"},"og_locale":"es_ES","og_type":"article","og_title":"Informaci\u00f3n legal","og_description":"PGXperts GmbH \/\/ Bahnhofplatz 11, 90762 F\u00fcrth \/\/ Correo electr\u00f3nico: info@pgxperts.com \/\/ Tel\u00e9fono: +49 (0) 911 979 10 850","og_url":"https:\/\/pgxperts.com\/es\/informacion-legal\/","og_site_name":"PGXperts","article_modified_time":"2025-09-09T09:17:30+00:00","twitter_card":"summary_large_image","twitter_site":"@hmg_pgxperts","twitter_misc":{"Tiempo de lectura":"3 minutos"},"schema":{"@context":"https:\/\/schema.org","@graph":[{"@type":"WebPage","@id":"https:\/\/pgxperts.com\/es\/informacion-legal\/","url":"https:\/\/pgxperts.com\/es\/informacion-legal\/","name":"Informaci\u00f3n legal","isPartOf":{"@id":"https:\/\/pgxperts.com\/es\/#website"},"datePublished":"2024-07-02T14:27:14+00:00","dateModified":"2025-09-09T09:17:30+00:00","description":"PGXperts GmbH \/\/ Bahnhofplatz 11, 90762 F\u00fcrth \/\/ Correo electr\u00f3nico: info@pgxperts.com \/\/ Tel\u00e9fono: +49 (0) 911 979 10 850","breadcrumb":{"@id":"https:\/\/pgxperts.com\/es\/informacion-legal\/#breadcrumb"},"inLanguage":"es","potentialAction":[{"@type":"ReadAction","target":["https:\/\/pgxperts.com\/es\/informacion-legal\/"]}]},{"@type":"BreadcrumbList","@id":"https:\/\/pgxperts.com\/es\/informacion-legal\/#breadcrumb","itemListElement":[{"@type":"ListItem","position":1,"name":"Startseite","item":"https:\/\/pgxperts.com\/es\/"},{"@type":"ListItem","position":2,"name":"Informaci\u00f3n legal"}]},{"@type":"WebSite","@id":"https:\/\/pgxperts.com\/es\/#website","url":"https:\/\/pgxperts.com\/es\/","name":"PGXperts","description":"Individuelle Interaktionsrisiken erkennen","publisher":{"@id":"https:\/\/pgxperts.com\/es\/#organization"},"potentialAction":[{"@type":"SearchAction","target":{"@type":"EntryPoint","urlTemplate":"https:\/\/pgxperts.com\/es\/?s={search_term_string}"},"query-input":{"@type":"PropertyValueSpecification","valueRequired":true,"valueName":"search_term_string"}}],"inLanguage":"es"},{"@type":"Organization","@id":"https:\/\/pgxperts.com\/es\/#organization","name":"PGXperts","url":"https:\/\/pgxperts.com\/es\/","logo":{"@type":"ImageObject","inLanguage":"es","@id":"https:\/\/pgxperts.com\/es\/#\/schema\/logo\/image\/","url":"","contentUrl":"","caption":"PGXperts"},"image":{"@id":"https:\/\/pgxperts.com\/es\/#\/schema\/logo\/image\/"},"sameAs":["https:\/\/x.com\/hmg_pgxperts","https:\/\/de.linkedin.com\/company\/hmg-systems-engineering-gmbh","https:\/\/www.xing.com\/pages\/hmgsystemsengineeringgmbh"]}]}},"_links":{"self":[{"href":"https:\/\/pgxperts.com\/es\/wp-json\/wp\/v2\/pages\/51843","targetHints":{"allow":["GET"]}}],"collection":[{"href":"https:\/\/pgxperts.com\/es\/wp-json\/wp\/v2\/pages"}],"about":[{"href":"https:\/\/pgxperts.com\/es\/wp-json\/wp\/v2\/types\/page"}],"author":[{"embeddable":true,"href":"https:\/\/pgxperts.com\/es\/wp-json\/wp\/v2\/users\/10"}],"replies":[{"embeddable":true,"href":"https:\/\/pgxperts.com\/es\/wp-json\/wp\/v2\/comments?post=51843"}],"version-history":[{"count":0,"href":"https:\/\/pgxperts.com\/es\/wp-json\/wp\/v2\/pages\/51843\/revisions"}],"wp:attachment":[{"href":"https:\/\/pgxperts.com\/es\/wp-json\/wp\/v2\/media?parent=51843"}],"curies":[{"name":"wp","href":"https:\/\/api.w.org\/{rel}","templated":true}]}}